{"id":20,"date":"2020-04-24T21:00:24","date_gmt":"2020-04-24T12:00:24","guid":{"rendered":"https:\/\/voyagevin.com\/oknoriko\/?page_id=20"},"modified":"2026-04-06T18:41:48","modified_gmt":"2026-04-06T09:41:48","slug":"accueil-home","status":"publish","type":"page","link":"https:\/\/voyagevin.com\/oknoriko\/accueil-home\/","title":{"rendered":"ACCUEIL \/ HOME"},"content":{"rendered":"\n<p>\u65e5\u672c\u3067\u305f\u30601\u4eba\u3001\u56fd\u969b\u30ef\u30a4\u30f3\u30a2\u30ca\u30a6\u30f3\u30b5\u30fc\u5ca1\u7530\u7d00\u5b50\u304c\u30d5\u30e9\u30f3\u30b9\u3092\u4e2d\u5fc3\u306b\u4e16\u754c\u907a\u7523\u3092\u5de1\u308a\u3001\u305d\u306e\u571f\u5730\u306e\u30ef\u30a4\u30f3\u3068\u30c1\u30fc\u30ba\u3092\u7d39\u4ecb\u3059\u308b\u7d00\u884c\u6587\u3002<br>2000\u5e74\u304b\u3089\u30d1\u30ea\u30fb\u30b5\u30f3\u30eb\u30a4\u5cf6\u306e\u30a2\u30d1\u30eb\u30c8\u30de\u30f3\u3092\u62e0\u70b9\u306b\u3001\u6771\u4eac\u3068\u30d1\u30ea\u3092\u884c\u3063\u305f\u308a\u6765\u305f\u308a\u3002<br>\u4e00\u773c\u30ec\u30d5\u3067\u64ae\u5f71\u3057\u3001\u898b\u305f\u307e\u307e\u611f\u3058\u305f\u307e\u307e\u3092\u7db4\u3063\u3066\u3044\u307e\u3059\u3002<\/p>\n\n\n\n<p>\u30e9\u30b8\u30aa\u6587\u5316\u653e\u9001\u5831\u9053\u90e8\u306b20\u5e74\u9593\u52e4\u52d9\u3057\u305f\u5f8c\u30012025\u5e741\u6708\u3088\u308a\u30d5\u30e9\u30f3\u30b9\u30fb\u30d1\u30ea\u306b\u79fb\u4f4f\u3057\u3001\u30d5\u30e9\u30f3\u30b9\u306e\u7f8e\u98df\u6587\u5316\u306b\u3064\u3044\u3066\u5b66\u3076\u3002<br>\u73fe\u5728\u306f\u30ef\u30a4\u30f3\u696d\u754c\u3067\u4e16\u754c\u30c8\u30c3\u30d7\u30af\u30e9\u30b9\u306e\u3072\u3068\u3064\u3001\u30dc\u30eb\u30c9\u30fc\u5927\u5b66ISVV\u30ef\u30a4\u30f3\u79d1\u5b66\u7814\u7a76\u6240\u306eDUAD\u30b3\u30fc\u30b9\u306b\u5728\u7c4d\u4e2d\u3002<\/p>\n\n\n\n<p><\/p>\n\n\n\n<p class=\"has-drop-cap\">Bienvenu. \u00c9tant la seule Journaliste et pr\u00e9sentatrice T\u00e9l\u00e9 et Radio dans le secteur du vin au Japon avec une qualification internationale dans ce domaine, j\u2019\u00e9cris principalement des articles sur les vins fran\u00e7ais. Je visite la France et d&#8217;autres sites du patrimoine mondial et pr\u00e9sentant du vin et du fromage de la r\u00e9gion. Depuis 2000,  je r\u00e9side dans un appartement de l&#8217;\u00eele Saint-Louis \u00e0 paris et fait des allers-retours entre Tokyo et Paris. Je visite le site, photographier avec un appareil photo reflex mono-objectif et j&#8217;e r\u00e9dige un texte comme je le vois. Apr\u00e8s avoir travaill\u00e9 pendant 20 ans au service d&#8217;information de Radio Bunka Broadcasting, j&#8217;ai d\u00e9m\u00e9nag\u00e9 \u00e0 Paris en janvier 2025 pour \u00e9tudier la culture gastronomique fran\u00e7aise. Je suis actuellement inscrite au cours DUAD de l&#8217;Institut des vins de Bordeaux (ISVV), l&#8217;une des institutions les plus prestigieuses au monde dans le domaine du vin.<\/p>\n\n\n\n<p><\/p>\n\n\n\n<p><\/p>\n\n\n\n<p class=\"has-drop-cap\">Welcome. This website is a travelogue by Noriko OKADA, an international wine journalist and TV \/ Radio personality, who visits world heritage sites around France to introduce local wines and cheeses. Since 2000, I have been based in an apartment on the island of Saint-Louis in Paris, travelling between Tokyo and Paris. I visit World Heritage Sites in various regions, photograph them with my SLR camera and write articles about them as I feel them. After serving for 20 years in the news department at Radio Bunka Broadcasting, I relocated to Paris, France in January 2025 to study French gastronomic culture. I am currently enrolled in the DUAD course at the ISVV Wine Institute of the University of Bordeaux, one of the world&#8217;s leading institutions in the wine industry.<\/p>\n\n\n\n<p class=\"has-drop-cap\"><\/p>\n\n\n\n<p><\/p>\n\n\n\n<p class=\"has-white-color has-blush-light-purple-gradient-background has-text-color has-background has-medium-font-size\"><strong>\u8077\u6b74<\/strong><\/p>\n\n\n\n<p>NHK\u5927\u5206\u653e\u9001\u5c40\u30ad\u30e3\u30b9\u30bf\u30fc<br>TNC\u30c6\u30ec\u30d3\u897f\u65e5\u672c\uff08\u798f\u5ca1CX\u7cfb\uff09\u30a2\u30ca\u30a6\u30f3\u30b5\u30fc<br>\u30c6\u30ec\u30d3\u57fc\u7389\u30a2\u30ca\u30a6\u30f3\u30b5\u30fc\u3092\u7d4c\u3066\u30d5\u30ea\u30fc\u30e9\u30f3\u30b9<br>2005\u5e74\u301c2024\u5e74 \u30e9\u30b8\u30aa\u6587\u5316\u653e\u9001AM1134 \/ FM91.6<br>\uff08\u5831\u9053\u30b9\u30dd\u30fc\u30c4\u30bb\u30f3\u30bf\u30fc\u3001\u56fd\u4f1a\u6c11\u653e\u8a18\u8005\u30af\u30e9\u30d6\u6240\u5c5e\uff09<br>\u30fb\u65e5\u66dc\u671d\u30cb\u30e5\u30fc\u30b9\uff06\u5929\u6c17\uff06\u4ea4\u901a\u60c5\u5831 5:00\u30016:00\u30017:55\u30018:57<br>\u30fb\u30e9\u30f3\u30c1\u30bf\u30a4\u30e0\u30cb\u30e5\u30fc\u30b9 \u6708\u66dc\u301c\u91d1\u66dc 12:00-12:10 \u5831\u9053\u8a18\u8005\u30ea\u30dd\u30fc\u30c8<br>\u30fb\u30cb\u30e5\u30fc\u30b9\u30d1\u30ec\u30fc\u30c9 \u6708\u66dc\u301c\u91d1\u66dc 17:00-17:15 \u5831\u9053\u8a18\u8005\u30ea\u30dd\u30fc\u30c8<\/p>\n\n\n\n<p class=\"has-very-light-gray-color has-blush-light-purple-gradient-background has-text-color has-background has-medium-font-size\"><strong>\u8cc7\u683c\u30fb\u5be9\u67fb\u54e1<\/strong><\/p>\n\n\n\n<p>\u30dc\u30eb\u30c9\u30fc\u5927\u5b66 Institut des Sciences de la Vigne et du Vin \u30c6\u30a4\u30b9\u30c6\u30a3\u30f3\u30b0\u30b3\u30fc\u30b9<br>\u30ef\u30a4\u30f3\u306e\u56fd\u969b\u8cc7\u683c WSET Level 3<br>Terre du vins\u5be9\u67fb\u54e1<br><a href=\"https:\/\/www.feminalise.com\/index.php\" title=\"\"><strong>\u30d5\u30a7\u30df\u30ca\u30ea\u30fc\u30ba<\/strong><\/a>\u5be9\u67fb\u54e1\uff08\u4e16\u754c\u6700\u5927\u30ef\u30a4\u30f3\u30b3\u30f3\u30af\u30fc\u30eb\uff20\u30d5\u30e9\u30f3\u30b9\uff09<br><a href=\"http:\/\/www.sakuraaward.com\/jp\/\" title=\"\"><strong>\u3055\u304f\u3089\u30a2\u30ef\u30fc\u30c9<\/strong><\/a>\u5be9\u67fb\u54e1\uff08\u30a2\u30b8\u30a2\u6700\u5927\u30ef\u30a4\u30f3\u30b3\u30f3\u30af\u30fc\u30eb\uff20\u65e5\u672c\uff09<br>\u30d5\u30e9\u30f3\u30b9\u8a9e\u8cc7\u683c DELF B2<br>\u4e16\u754c\u907a\u7523\u691c\u5b9a3\u7d1a<br>eco\u691c\u5b9a\uff08\u74b0\u5883\u793e\u4f1a\u691c\u5b9a\u8a66\u9a13\uff09<br>\u30c1\u30e7\u30b3\u30ec\u30fc\u30c8\u30a8\u30ad\u30b9\u30d1\u30fc\u30c8<br>\u91ce\u83dc\u30bd\u30e0\u30ea\u30a8<br>\u30e2\u30fc\u30bf\u30fc\u30b9\u30dd\u30fc\u30c4\u56fd\u5185A\u7d1a\u30e9\u30a4\u30bb\u30f3\u30b9<br>JPAA\u65e5\u672c\u30d7\u30ea\u30b6\u30fc\u30d6\u30c9\u30a2\u30fc\u30c6\u30a3\u30b9\u30c8\u5354\u4f1a3\u7d1a\u30e9\u30a4\u30bb\u30f3\u30b9<br>\u56fd\u8a9e\u6559\u54e1\u514d\u8a31(\u4e2d\u5b66\u30fb\u9ad8\u6821)<br>\u65e5\u672c\u8a9e\u6559\u5e2b\u8cc7\u683c<\/p>\n\n\n\n<p class=\"has-blush-light-purple-gradient-background has-text-color has-background has-medium-font-size\" style=\"color:#ededed\"><strong>\u8da3\u5473\u30fb\u7279\u6280<\/strong><\/p>\n\n\n\n<p>\u30d5\u30e9\u30f3\u30b9\u3092\u4e2d\u5fc3\u3068\u3057\u305f\u4e16\u754c\u907a\u7523\uff06\u30ef\u30a4\u30f3\u7523\u5730\u5de1\u308a<br>\u4e00\u773c\u30ec\u30d5\u30ab\u30e1\u30e9\u64ae\u5f71<br>\u653e\u9001\u696d\u52d9\uff08\u4f01\u753b\u53d6\u6750\u30fb\u539f\u7a3f\u4f5c\u6210\u30fb\u30a4\u30f3\u30bf\u30d3\u30e5\u30fc\u53ce\u9332\u30fb\u97f3\u58f0\uff06\u52d5\u753b\u7de8\u96c6\u30fb\u30ca\u30ec\u30fc\u30b7\u30e7\u30f3\uff09<br>\u56fd\u9023WFP\uff08\u4e16\u754c\u98df\u7ce7\u8a08\u753b\uff09\u5354\u4f1a\u30dc\u30e9\u30f3\u30c6\u30a3\u30a2\u6d3b\u52d5<br>\u30b9\u30dd\u30fc\u30c4\u89b3\u6226\uff08\u91ce\u7403\u30fb\u30d0\u30b9\u30b1\u30c3\u30c8\u30fb\u30e2\u30fc\u30bf\u30fc\u30b9\u30dd\u30fc\u30c4\u7b49\uff09<br>\u91ce\u7403\u30b9\u30b3\u30a2\u4ed8\u3051\uff08\u5143\u30fb\u9ad8\u6821\u91ce\u7403\u30de\u30cd\u30fc\u30b8\u30e3\u30fc\uff09<br>\u5916\u8ca8FX<br>\u30d7\u30ea\u30b6\u30fc\u30d6\u30c9\u30d5\u30e9\u30ef\u30fc<br>\u8336\u9053<\/p>\n\n\n\n<p class=\"has-white-color has-blush-light-purple-gradient-background has-text-color has-background has-medium-font-size\"><strong>\u30a2\u30ca\u30a6\u30f3\u30b9\u8b1b\u5e2b<\/strong><\/p>\n\n\n\n<p>\u4f1d\u3048\u308b\u8a71\u3057\u65b9\u3092\u30aa\u30f3\u30e9\u30a4\u30f3\u3067\u5b66\u3076\u300c<a href=\"https:\/\/tsutabana.jp\/teacher\/18\/\"><strong>\u30c4\u30bf\u30d0\u30ca<\/strong><\/a>\u300d<br>\u68b6\u539f\u3057\u3052\u308b\u6c0f\u3092\u306f\u3058\u3081\u3001\u8c6a\u83ef\u306a\u8b1b\u5e2b\u9663\u304c\u591a\u6570\u3002<br>\u73fe\u5f79\u30a2\u30ca\u30a6\u30f3\u30b5\u30fc\uff06\u65e5\u672c\u8a9e\u6559\u5e2b\u7d4c\u9a13\u8005\u3068\u3057\u3066\u3001\u767a\u97f3\u3084\u767a\u58f0\u30af\u30e9\u30b9\u3092\u62c5\u5f53\u3002<\/p>\n\n\n<\/p>","protected":false},"excerpt":{"rendered":"<p>\u65e5\u672c\u3067\u305f\u30601\u4eba\u3001\u56fd\u969b\u30ef\u30a4\u30f3\u30a2\u30ca\u30a6\u30f3\u30b5\u30fc\u5ca1\u7530\u7d00\u5b50\u304c\u30d5\u30e9\u30f3\u30b9\u3092\u4e2d\u5fc3\u306b\u4e16\u754c\u907a\u7523\u3092\u5de1\u308a\u3001\u305d\u306e\u571f\u5730\u306e\u30ef\u30a4\u30f3\u3068\u30c1\u30fc\u30ba\u3092\u7d39\u4ecb\u3059\u308b\u7d00\u884c\u6587\u30022000\u5e74\u304b\u3089\u30d1\u30ea\u30fb\u30b5\u30f3\u30eb\u30a4\u5cf6\u306e\u30a2\u30d1\u30eb\u30c8\u30de\u30f3\u3092\u62e0\u70b9\u306b\u3001\u6771\u4eac\u3068\u30d1\u30ea\u3092\u884c\u3063\u305f\u308a\u6765\u305f\u308a\u3002\u4e00\u773c\u30ec\u30d5\u3067\u64ae\u5f71\u3057 [&hellip;]<\/p>\n","protected":false},"author":1,"featured_media":0,"parent":0,"menu_order":0,"comment_status":"closed","ping_status":"closed","template":"","meta":{"om_disable_all_campaigns":false,"_monsterinsights_skip_tracking":false,"_monsterinsights_sitenote_active":false,"_monsterinsights_sitenote_note":"","_monsterinsights_sitenote_category":0,"footnotes":""},"class_list":["post-20","page","type-page","status-publish","hentry"],"aioseo_notices":[],"_links":{"self":[{"href":"https:\/\/voyagevin.com\/oknoriko\/wp-json\/wp\/v2\/pages\/20","targetHints":{"allow":["GET"]}}],"collection":[{"href":"https:\/\/voyagevin.com\/oknoriko\/wp-json\/wp\/v2\/pages"}],"about":[{"href":"https:\/\/voyagevin.com\/oknoriko\/wp-json\/wp\/v2\/types\/page"}],"author":[{"embeddable":true,"href":"https:\/\/voyagevin.com\/oknoriko\/wp-json\/wp\/v2\/users\/1"}],"replies":[{"embeddable":true,"href":"https:\/\/voyagevin.com\/oknoriko\/wp-json\/wp\/v2\/comments?post=20"}],"version-history":[{"count":90,"href":"https:\/\/voyagevin.com\/oknoriko\/wp-json\/wp\/v2\/pages\/20\/revisions"}],"predecessor-version":[{"id":3242,"href":"https:\/\/voyagevin.com\/oknoriko\/wp-json\/wp\/v2\/pages\/20\/revisions\/3242"}],"wp:attachment":[{"href":"https:\/\/voyagevin.com\/oknoriko\/wp-json\/wp\/v2\/media?parent=20"}],"curies":[{"name":"wp","href":"https:\/\/api.w.org\/{rel}","templated":true}]}}